{"id":3,"date":"2025-02-10T11:50:48","date_gmt":"2025-02-10T11:50:48","guid":{"rendered":"https:\/\/www.victorcare.de\/?page_id=3"},"modified":"2026-03-16T09:46:21","modified_gmt":"2026-03-16T09:46:21","slug":"datenschutzerklarung","status":"publish","type":"page","link":"https:\/\/www.victorcare.de\/datenschutzerklarung\/","title":{"rendered":"Datenschutzerkl\u00e4rung"},"content":{"rendered":"<style>.kb-row-layout-id3_9bbe23-70 > .kt-row-column-wrap{align-content:start;}:where(.kb-row-layout-id3_9bbe23-70 > .kt-row-column-wrap) > .wp-block-kadence-column{justify-content:start;}.kb-row-layout-id3_9bbe23-70 > .kt-row-column-wrap{column-gap:var(--global-kb-gap-md, 2rem);row-gap:var(--global-kb-gap-md, 2rem);max-width:900px;margin-left:auto;margin-right:auto;padding-top:75px;padding-bottom:75px;grid-template-columns:minmax(0, 1fr);}.kb-row-layout-id3_9bbe23-70 > .kt-row-layout-overlay{opacity:0.30;}@media all and (max-width: 1024px){.kb-row-layout-id3_9bbe23-70 > .kt-row-column-wrap{padding-right:25px;padding-left:25px;grid-template-columns:minmax(0, 1fr);}}@media all and (max-width: 767px){.kb-row-layout-id3_9bbe23-70 > .kt-row-column-wrap{grid-template-columns:minmax(0, 1fr);}}<\/style><div class=\"kb-row-layout-wrap kb-row-layout-id3_9bbe23-70 alignnone wp-block-kadence-rowlayout\"><div class=\"kt-row-column-wrap kt-has-1-columns kt-row-layout-equal kt-tab-layout-inherit kt-mobile-layout-row kt-row-valign-top\">\n<style>.kadence-column3_4767fb-f5 > .kt-inside-inner-col,.kadence-column3_4767fb-f5 > .kt-inside-inner-col:before{border-top-left-radius:0px;border-top-right-radius:0px;border-bottom-right-radius:0px;border-bottom-left-radius:0px;}.kadence-column3_4767fb-f5 > .kt-inside-inner-col{column-gap:var(--global-kb-gap-sm, 1rem);}.kadence-column3_4767fb-f5 > .kt-inside-inner-col{flex-direction:column;}.kadence-column3_4767fb-f5 > .kt-inside-inner-col > .aligncenter{width:100%;}.kadence-column3_4767fb-f5 > .kt-inside-inner-col:before{opacity:0.3;}.kadence-column3_4767fb-f5{position:relative;}@media all and (max-width: 1024px){.kadence-column3_4767fb-f5 > .kt-inside-inner-col{flex-direction:column;justify-content:center;}}@media all and (max-width: 767px){.kadence-column3_4767fb-f5 > .kt-inside-inner-col{flex-direction:column;justify-content:center;}}<\/style>\n<div class=\"wp-block-kadence-column kadence-column3_4767fb-f5\"><div class=\"kt-inside-inner-col\"><style>.wp-block-kadence-advancedheading.kt-adv-heading3_f8db39-0d, .wp-block-kadence-advancedheading.kt-adv-heading3_f8db39-0d[data-kb-block=\"kb-adv-heading3_f8db39-0d\"]{font-style:normal;}.wp-block-kadence-advancedheading.kt-adv-heading3_f8db39-0d mark.kt-highlight, .wp-block-kadence-advancedheading.kt-adv-heading3_f8db39-0d[data-kb-block=\"kb-adv-heading3_f8db39-0d\"] mark.kt-highlight{font-style:normal;color:#f76a0c;-webkit-box-decoration-break:clone;box-decoration-break:clone;padding-top:0px;padding-right:0px;padding-bottom:0px;padding-left:0px;}.wp-block-kadence-advancedheading.kt-adv-heading3_f8db39-0d img.kb-inline-image, .wp-block-kadence-advancedheading.kt-adv-heading3_f8db39-0d[data-kb-block=\"kb-adv-heading3_f8db39-0d\"] img.kb-inline-image{width:150px;vertical-align:baseline;}<\/style>\n<div class=\"kt-adv-heading3_f8db39-0d wp-block-kadence-advancedheading\" data-kb-block=\"kb-adv-heading3_f8db39-0d\"><br><br><br>Od 25 maja 2018 roku obowi\u0105zuje Rozporz\u0105dzenie Parlamentu Europejskiego i Rady (UE) 2016\/679 z dnia 27 kwietnia 2016 r. w sprawie ochrony os\u00f3b fizycznych w zwi\u0105zku z przetwarzaniem danych osobowych i w sprawie swobodnego przep\u0142ywu takich danych oraz uchylenia dyrektywy 95\/46\/WE (okre\u015blane jako \u201eRODO\u201d).<\/div>\n\n\n\n<p>W zwi\u0105zku z tym chcieliby\u015bmy poinformowa\u0107 o przetwarzaniu Twoich danych oraz zasadach, na jakich odbywa si\u0119 to po dniu 25 maja 2018 roku.<\/p>\n\n\n\n<p>Je\u015bli akceptujesz zasady poni\u017cszej polityki prywatno\u015bci kliknij przycisk \u201ePrzejd\u017a do strony\u201d lub w ikonk\u0119 \u201ex\u201d znajduj\u0105c\u0105 si\u0119 w prawym g\u00f3rnym rogu.<\/p>\n\n\n\n<h3 class=\"wp-block-heading\">Polityka prywatno\u015bci<\/h3>\n\n\n\n<p>Polityka Prywatno\u015bci okre\u015bla zasady przetwarzania i ochrony danych osobowych, przekazywanych przez U\u017cytkownik\u00f3w serwisu internetowego www.premiumcare24.pl zwanego dalej Serwisem.<\/p>\n\n\n\n<p>Administratorem danych osobowych, zawartych w Serwisie, jest firma <strong>PREMIUMCARE24 SP\u00d3\u0141KA Z OGRANICZON\u0104 ODPOWIEDZIALNO\u015aCI\u0104<\/strong> z siedzib\u0105 przy ul. AUGUSTYNA KORDECKIEGO 19\/2 04-143 WARSZAWA MAZOWIECKIE, NIP 1133156836 , zwanym dalej Administratorem.<\/p>\n\n\n\n<p>Serwis internetowy pozyskuje informacje o U\u017cytkownikach wprowadzone w formularzach na podstawie zgody wyra\u017conej przez nich samych .<\/p>\n\n\n\n<p>Przekazane dane przetwarzane s\u0105 w celu:<\/p>\n\n\n\n<p>\u2013 Nawi\u0105zania, ukszta\u0142towania tre\u015bci, zmiana, wykonanie lub rozwi\u0105zanie stosunku umownego mi\u0119dzy Us\u0142ugodawc\u0105 (Sprzedawc\u0105) i Us\u0142ugobiorc\u0105 (Klientem) polegaj\u0105cego na \u015bwiadczeniu Us\u0142ug Elektronicznych poprzez Stron\u0119 Internetow\u0105 lub zawarciu i wykonaniu Umowy Sprzeda\u017cy Produkt\u00f3w oraz ich dostarczenia do Klienta.<\/p>\n\n\n\n<p>\u2013 Marketingu bezpo\u015bredniego w\u0142asnych produkt\u00f3w lub us\u0142ug Administratora<\/p>\n\n\n\n<p>\u2013 W przypadku Klienta, kt\u00f3ry korzysta na Stronie Internetowej ze sposobu dostawy przesy\u0142k\u0105 pocztow\u0105 lub przesy\u0142ka kuriersk\u0105 Administrator udost\u0119pnia zebrane dane osobowe Klienta, w zakresie i nie d\u0142u\u017cej ni\u017c jest to niezb\u0119dne dla dokonania dostawy, wybranemu przewo\u017anikowi realizuj\u0105cemu przesy\u0142ki na zlecenie Administratora.<\/p>\n\n\n\n<p>\u2013 Administrator przetwarza nast\u0119puj\u0105ce dane osobowe Us\u0142ugobiorc\u00f3w (Klient\u00f3w): imi\u0119 i nazwisko; adres poczty elektronicznej; numer telefonu kontaktowego; adres (ulica, numer domu, numer lokalu, kod pocztowy, miejscowo\u015b\u0107, kraj) oraz adres do dokumentu sprzeda\u017cy. W wypadku Klient\u00f3w b\u0119d\u0105cych jednocze\u015bnie przedsi\u0119biorcami Administrator przetwarza dodatkowo nazw\u0119 firmy oraz NIP.<\/p>\n\n\n\n<p>\u2013 Podanie danych osobowych, o kt\u00f3rych mowa wy\u017cej jest niezb\u0119dne do \u015bwiadczenia przez Us\u0142ugodawc\u0119 Us\u0142ug Elektronicznych lub zawarcia Umowy. Ka\u017cdorazowo zakres wymaganych danych wskazany jest przed rozpocz\u0119ciem \u015bwiadczenia okre\u015blonej Us\u0142ugi Elektronicznej lub zawarciem Umowy.<\/p>\n\n\n\n<p>U\u017cytkownik, kt\u00f3ry umie\u015bci\u0142 dane w formularzu ma prawo do:<\/p>\n\n\n\n<p>\u2013 wgl\u0105du, modyfikacji, usuwania danych osobowych,<\/p>\n\n\n\n<p>\u2013 ograniczenia przetwarzania oraz \u017c\u0105dania zaprzestania przetwarzania swoich danych w dowolnym momencie,<\/p>\n\n\n\n<p>\u2013 cofni\u0119cia zgody w dowolnym momencie \u2013 cofni\u0119cie zgody nie wp\u0142ywa na legalno\u015b\u0107 przetwarzania dokonanego przed jej cofni\u0119ciem,<\/p>\n\n\n\n<p>\u2013 przenoszenia danych do innego Administratora danych osobowych<\/p>\n\n\n\n<p>\u2013 z\u0142o\u017cenia skargi do organu nadzorczego.<\/p>\n\n\n\n<p>Dane osobowe podane przez U\u017cytkownika w formularzu b\u0119d\u0105 przetwarzane przez okres nie d\u0142u\u017cszy ni\u017c jest to niezb\u0119dne do cel\u00f3w, w kt\u00f3rych zosta\u0142y podane oraz do czasu istnienia obowi\u0105zk\u00f3w prawnych, ksi\u0119gowych i podatkowych Administratora, a tak\u017ce do czasu przedawnienia ewentualnych roszcze\u0144. Je\u017celi zosta\u0142a wyra\u017cona zgoda na przetwarzanie danych osobowych \u2013 do czasu cofni\u0119cia zgody.<\/p>\n\n\n\n<p>Administrator dope\u0142nia nale\u017cytej staranno\u015bci w celu odpowiedniego zabezpieczenia przekazanych danych osobowych, a w szczeg\u00f3lno\u015bci przed ich udost\u0119pnieniem osobom nieupowa\u017cnionym:<\/p>\n\n\n\n<p>\u2013 Dane osobowe przesy\u0142ane s\u0105 przez bezpieczny protok\u00f3\u0142 SSL,<\/p>\n\n\n\n<p>\u2013 Dane osobowe przechowywane na serwerach Administratora s\u0105 szyfrowane, ochron\u0119 przed fizycznym dost\u0119pem do serwer\u00f3w, na kt\u00f3rych przechowywane s\u0105 dane osobowe zapewnia dostawca serwera.<\/p>\n\n\n\n<p>\u2013 Administrator stosuje \u015brodki techniczne i organizacyjne zapewniaj\u0105ce ochron\u0119 przetwarzanych danych osobowych odpowiedni\u0105 do zagro\u017ce\u0144 oraz kategorii danych obj\u0119tych ochron\u0105, a w szczeg\u00f3lno\u015bci zabezpiecza dane przed ich udost\u0119pnieniem osobom nieupowa\u017cnionym, zabraniem przez osob\u0119 nieuprawnion\u0105, przetwarzaniem z naruszeniem obowi\u0105zuj\u0105cych przepis\u00f3w oraz zmian\u0105, utrat\u0105, uszkodzeniem lub zniszczeniem.<\/p>\n\n\n\n<p>\u2013 Podane dane osobowe mog\u0105 by\u0107 udost\u0119pniane tylko podmiotom, kt\u00f3re posiadaj\u0105 podstaw\u0119 prawn\u0105 wynikaj\u0105c\u0105 z przepis\u00f3w polskiego prawa.<\/p>\n\n\n\n<p>Podmioty gromadz\u0105ce i przetwarzaj\u0105ce dane osobowe w Serwisie internetowym pochodz\u0105 w g\u0142\u00f3wnej mierze z Polski i kraj\u00f3w Europejskiego Obszaru Gospodarczego (EOG). Niekt\u00f3rzy z dostawc\u00f3w maj\u0105 swoj\u0105 siedzib\u0119 poza EOG (np Google Inc. posiada siedzib\u0119 w USA i dostarcza us\u0142ug\u0119 statystyk serwisu internetowego o nazwie Google Analytics). Podmioty te s\u0105 zobowi\u0105zane do przestrzegania zasad okre\u015blonych w ramach programu Tarcza Prywatno\u015bci UE-USA, dotycz\u0105cych gromadzenia, wykorzystywania i przechowywania danych osobowych obywateli Unii Europejskiej (decyzja wykonawcza Komisji (UE) 2016\/1250 z dnia 12 lipca 2016 r. w sprawie adekwatno\u015bci ochrony zapewnianej przez Tarcz\u0119 Prywatno\u015bci UE-USA) oraz klauzul umownych przyj\u0119tych przez Komisj\u0119 UE.<\/p>\n\n\n\n<h3 class=\"wp-block-heading\">Podstawy prawne zwi\u0105zane z przetwarzaniem danych osobowych:<\/h3>\n\n\n\n<p>\u2013 Ustawa z dnia 18 lipca 2002 r. o \u015bwiadczeniu us\u0142ug drog\u0105 elektroniczn\u0105 (u\u015bude);<\/p>\n\n\n\n<p>\u2013 Ustawa z dnia 16 lipca 2004 r Prawo Telekomunikacyjne (PrTel);<\/p>\n\n\n\n<p>\u2013 Rozporz\u0105dzenie Parlamentu Europejskiego i Rady (UE) 2016\/679 z dnia 27 kwietnia 2016 r. w sprawie ochrony os\u00f3b fizycznych w zwi\u0105zku z przetwarzaniem danych osobowych i w sprawie swobodnego przep\u0142ywu takich danych oraz uchylenia dyrektywy 95\/46\/WE; (RODO);<\/p>\n\n\n\n<h3 class=\"wp-block-heading\">Kontakt<\/h3>\n\n\n\n<p>Pytania dotycz\u0105ce polityki prywatno\u015bci nale\u017cy kierowa\u0107 na adres: <strong><a href=\"mailto:kontakt@premiumcare24.pl\">kontakt@premiumcare24.pl<\/a><\/strong><\/p>\n<\/div><\/div>\n\n<\/div><\/div>","protected":false},"excerpt":{"rendered":"<p>Od 25 maja 2018 roku obowi\u0105zuje Rozporz\u0105dzenie Parlamentu Europejskiego i Rady (UE) 2016\/679 z dnia 27 kwietnia 2016 r. w sprawie ochrony os\u00f3b fizycznych w zwi\u0105zku z przetwarzaniem danych osobowych i w sprawie swobodnego przep\u0142ywu takich danych oraz uchylenia dyrektywy 95\/46\/WE (okre\u015blane jako \u201eRODO\u201d). W zwi\u0105zku z tym chcieliby\u015bmy poinformowa\u0107 o przetwarzaniu Twoich danych oraz&#8230;<\/p>\n","protected":false},"author":1,"featured_media":0,"parent":0,"menu_order":0,"comment_status":"closed","ping_status":"closed","template":"","meta":{"_kadence_starter_templates_imported_post":false,"_kad_post_transparent":"","_kad_post_title":"","_kad_post_layout":"","_kad_post_sidebar_id":"","_kad_post_content_style":"","_kad_post_vertical_padding":"","_kad_post_feature":"","_kad_post_feature_position":"","_kad_post_header":false,"_kad_post_footer":false,"_kad_post_classname":"","footnotes":""},"class_list":["post-3","page","type-page","status-publish","hentry"],"yoast_head":"<!-- This site is optimized with the Yoast SEO plugin v27.4 - https:\/\/yoast.com\/product\/yoast-seo-wordpress\/ -->\n<title>Datenschutzerkl\u00e4rung - VictorCare<\/title>\n<meta name=\"robots\" content=\"noindex, follow\" \/>\n<meta property=\"og:locale\" content=\"pl_PL\" \/>\n<meta property=\"og:type\" content=\"article\" \/>\n<meta property=\"og:title\" content=\"Datenschutzerkl\u00e4rung - VictorCare\" \/>\n<meta property=\"og:description\" content=\"Od 25 maja 2018 roku obowi\u0105zuje Rozporz\u0105dzenie Parlamentu Europejskiego i Rady (UE) 2016\/679 z dnia 27 kwietnia 2016 r. w sprawie ochrony os\u00f3b fizycznych w zwi\u0105zku z przetwarzaniem danych osobowych i w sprawie swobodnego przep\u0142ywu takich danych oraz uchylenia dyrektywy 95\/46\/WE (okre\u015blane jako \u201eRODO\u201d). W zwi\u0105zku z tym chcieliby\u015bmy poinformowa\u0107 o przetwarzaniu Twoich danych oraz...\" \/>\n<meta property=\"og:url\" content=\"https:\/\/www.victorcare.de\/datenschutzerklarung\/\" \/>\n<meta property=\"og:site_name\" content=\"VictorCare\" \/>\n<meta property=\"article:modified_time\" content=\"2026-03-16T09:46:21+00:00\" \/>\n<meta name=\"twitter:card\" content=\"summary_large_image\" \/>\n<meta name=\"twitter:label1\" content=\"Szacowany czas czytania\" \/>\n\t<meta name=\"twitter:data1\" content=\"5 minut\" \/>\n<script type=\"application\/ld+json\" class=\"yoast-schema-graph\">{\"@context\":\"https:\\\/\\\/schema.org\",\"@graph\":[{\"@type\":\"WebPage\",\"@id\":\"https:\\\/\\\/www.victorcare.de\\\/datenschutzerklarung\\\/\",\"url\":\"https:\\\/\\\/www.victorcare.de\\\/datenschutzerklarung\\\/\",\"name\":\"Datenschutzerkl\u00e4rung - VictorCare\",\"isPartOf\":{\"@id\":\"https:\\\/\\\/www.victorcare.de\\\/#website\"},\"datePublished\":\"2025-02-10T11:50:48+00:00\",\"dateModified\":\"2026-03-16T09:46:21+00:00\",\"breadcrumb\":{\"@id\":\"https:\\\/\\\/www.victorcare.de\\\/datenschutzerklarung\\\/#breadcrumb\"},\"inLanguage\":\"pl-PL\",\"potentialAction\":[{\"@type\":\"ReadAction\",\"target\":[\"https:\\\/\\\/www.victorcare.de\\\/datenschutzerklarung\\\/\"]}]},{\"@type\":\"BreadcrumbList\",\"@id\":\"https:\\\/\\\/www.victorcare.de\\\/datenschutzerklarung\\\/#breadcrumb\",\"itemListElement\":[{\"@type\":\"ListItem\",\"position\":1,\"name\":\"Strona g\u0142\u00f3wna\",\"item\":\"https:\\\/\\\/www.victorcare.de\\\/\"},{\"@type\":\"ListItem\",\"position\":2,\"name\":\"Datenschutzerkl\u00e4rung\"}]},{\"@type\":\"WebSite\",\"@id\":\"https:\\\/\\\/www.victorcare.de\\\/#website\",\"url\":\"https:\\\/\\\/www.victorcare.de\\\/\",\"name\":\"VictorCare\",\"description\":\"Stabile Arbeit in Deutschland \u2013 Seniorenbetreuung\",\"publisher\":{\"@id\":\"https:\\\/\\\/www.victorcare.de\\\/#organization\"},\"potentialAction\":[{\"@type\":\"SearchAction\",\"target\":{\"@type\":\"EntryPoint\",\"urlTemplate\":\"https:\\\/\\\/www.victorcare.de\\\/?s={search_term_string}\"},\"query-input\":{\"@type\":\"PropertyValueSpecification\",\"valueRequired\":true,\"valueName\":\"search_term_string\"}}],\"inLanguage\":\"pl-PL\"},{\"@type\":\"Organization\",\"@id\":\"https:\\\/\\\/www.victorcare.de\\\/#organization\",\"name\":\"VictorCare\",\"url\":\"https:\\\/\\\/www.victorcare.de\\\/\",\"logo\":{\"@type\":\"ImageObject\",\"inLanguage\":\"pl-PL\",\"@id\":\"https:\\\/\\\/www.victorcare.de\\\/#\\\/schema\\\/logo\\\/image\\\/\",\"url\":\"https:\\\/\\\/www.victorcare.de\\\/wp-content\\\/uploads\\\/2025\\\/04\\\/cropped-VictorCare-Logo.png\",\"contentUrl\":\"https:\\\/\\\/www.victorcare.de\\\/wp-content\\\/uploads\\\/2025\\\/04\\\/cropped-VictorCare-Logo.png\",\"width\":300,\"height\":120,\"caption\":\"VictorCare\"},\"image\":{\"@id\":\"https:\\\/\\\/www.victorcare.de\\\/#\\\/schema\\\/logo\\\/image\\\/\"}}]}<\/script>\n<!-- \/ Yoast SEO plugin. -->","yoast_head_json":{"title":"Datenschutzerkl\u00e4rung - VictorCare","robots":{"index":"noindex","follow":"follow"},"og_locale":"pl_PL","og_type":"article","og_title":"Datenschutzerkl\u00e4rung - VictorCare","og_description":"Od 25 maja 2018 roku obowi\u0105zuje Rozporz\u0105dzenie Parlamentu Europejskiego i Rady (UE) 2016\/679 z dnia 27 kwietnia 2016 r. w sprawie ochrony os\u00f3b fizycznych w zwi\u0105zku z przetwarzaniem danych osobowych i w sprawie swobodnego przep\u0142ywu takich danych oraz uchylenia dyrektywy 95\/46\/WE (okre\u015blane jako \u201eRODO\u201d). W zwi\u0105zku z tym chcieliby\u015bmy poinformowa\u0107 o przetwarzaniu Twoich danych oraz...","og_url":"https:\/\/www.victorcare.de\/datenschutzerklarung\/","og_site_name":"VictorCare","article_modified_time":"2026-03-16T09:46:21+00:00","twitter_card":"summary_large_image","twitter_misc":{"Szacowany czas czytania":"5 minut"},"schema":{"@context":"https:\/\/schema.org","@graph":[{"@type":"WebPage","@id":"https:\/\/www.victorcare.de\/datenschutzerklarung\/","url":"https:\/\/www.victorcare.de\/datenschutzerklarung\/","name":"Datenschutzerkl\u00e4rung - VictorCare","isPartOf":{"@id":"https:\/\/www.victorcare.de\/#website"},"datePublished":"2025-02-10T11:50:48+00:00","dateModified":"2026-03-16T09:46:21+00:00","breadcrumb":{"@id":"https:\/\/www.victorcare.de\/datenschutzerklarung\/#breadcrumb"},"inLanguage":"pl-PL","potentialAction":[{"@type":"ReadAction","target":["https:\/\/www.victorcare.de\/datenschutzerklarung\/"]}]},{"@type":"BreadcrumbList","@id":"https:\/\/www.victorcare.de\/datenschutzerklarung\/#breadcrumb","itemListElement":[{"@type":"ListItem","position":1,"name":"Strona g\u0142\u00f3wna","item":"https:\/\/www.victorcare.de\/"},{"@type":"ListItem","position":2,"name":"Datenschutzerkl\u00e4rung"}]},{"@type":"WebSite","@id":"https:\/\/www.victorcare.de\/#website","url":"https:\/\/www.victorcare.de\/","name":"VictorCare","description":"Stabile Arbeit in Deutschland \u2013 Seniorenbetreuung","publisher":{"@id":"https:\/\/www.victorcare.de\/#organization"},"potentialAction":[{"@type":"SearchAction","target":{"@type":"EntryPoint","urlTemplate":"https:\/\/www.victorcare.de\/?s={search_term_string}"},"query-input":{"@type":"PropertyValueSpecification","valueRequired":true,"valueName":"search_term_string"}}],"inLanguage":"pl-PL"},{"@type":"Organization","@id":"https:\/\/www.victorcare.de\/#organization","name":"VictorCare","url":"https:\/\/www.victorcare.de\/","logo":{"@type":"ImageObject","inLanguage":"pl-PL","@id":"https:\/\/www.victorcare.de\/#\/schema\/logo\/image\/","url":"https:\/\/www.victorcare.de\/wp-content\/uploads\/2025\/04\/cropped-VictorCare-Logo.png","contentUrl":"https:\/\/www.victorcare.de\/wp-content\/uploads\/2025\/04\/cropped-VictorCare-Logo.png","width":300,"height":120,"caption":"VictorCare"},"image":{"@id":"https:\/\/www.victorcare.de\/#\/schema\/logo\/image\/"}}]}},"_links":{"self":[{"href":"https:\/\/www.victorcare.de\/wp-json\/wp\/v2\/pages\/3","targetHints":{"allow":["GET"]}}],"collection":[{"href":"https:\/\/www.victorcare.de\/wp-json\/wp\/v2\/pages"}],"about":[{"href":"https:\/\/www.victorcare.de\/wp-json\/wp\/v2\/types\/page"}],"author":[{"embeddable":true,"href":"https:\/\/www.victorcare.de\/wp-json\/wp\/v2\/users\/1"}],"replies":[{"embeddable":true,"href":"https:\/\/www.victorcare.de\/wp-json\/wp\/v2\/comments?post=3"}],"version-history":[{"count":6,"href":"https:\/\/www.victorcare.de\/wp-json\/wp\/v2\/pages\/3\/revisions"}],"predecessor-version":[{"id":1323,"href":"https:\/\/www.victorcare.de\/wp-json\/wp\/v2\/pages\/3\/revisions\/1323"}],"wp:attachment":[{"href":"https:\/\/www.victorcare.de\/wp-json\/wp\/v2\/media?parent=3"}],"curies":[{"name":"wp","href":"https:\/\/api.w.org\/{rel}","templated":true}]}}